{"id":52,"date":"2011-08-24T07:51:58","date_gmt":"2011-08-24T07:51:58","guid":{"rendered":"http:\/\/53806452.swh.strato-hosting.eu\/woerterbuch\/blog\/\/?page_id=52"},"modified":"2012-08-27T12:43:30","modified_gmt":"2012-08-27T12:43:30","slug":"beteiligte-kunstler","status":"publish","type":"page","link":"https:\/\/www.xn--nicht-dazugehren-ywb.de\/blog\/beteiligte-kunstler\/","title":{"rendered":"Beteiligte K\u00c3\u00bcnstlerinnen und K\u00c3\u00bcnstler"},"content":{"rendered":"<div id=\"attachment_195\" style=\"width: 250px\" class=\"wp-caption alignright\"><img loading=\"lazy\" decoding=\"async\" aria-describedby=\"caption-attachment-195\" class=\"size-full wp-image-195\" title=\"IMG_7426\" src=\"https:\/\/xn--nicht-dazugehren-ywb.de\/blog\/wp-content\/uploads\/2011\/08\/IMG_7426-e1315210360119.jpg\" alt=\"\" width=\"240\" height=\"180\" \/><p id=\"caption-attachment-195\" class=\"wp-caption-text\">Sigrun Drapatz<\/p><\/div>\n<p><strong>Sigrun Drapatz<\/strong> 1992 &#8211; 98 Studium der Bildenden K\u00fcnste UdK Berlin; 1989 &#8211; 92 Studium Fachhochschule f\u00fcr Gestaltung, Hamburg, l\u00e4ngere Arbeitsaufenthalte in Israel und der T\u00fcrkei. Seit 2004 prozessorientierte Projekte mit Kindern, Jugendlichen und Erwachsenen darunter zahlreiche Projekte im Kontext Schule. 2008 \u00e2\u20ac\u201c2011 k\u00fcnstlerische Leitung von KidSch (K\u00fcnstlerInnen in die Schulen bei Zukunftsbau e.V.) Modellprojekt mit 73 K\u00fcnstlerInnen an 57 Schulen.<\/p>\n<p>Konzeption des mobilen Interdisziplin\u00e4ren Kunstprojektes:<em> Sultan und Rosinen \u00e2\u20ac\u201c Fremdbilder und Selbstreflexionen zum Orient;<\/em> das Projekt bietet eine Plattform zur Auseinandersetzung mit der Konstruktion von Geschichte 2011 Bad Elster (D); 2008 Antalya (T); 2007 Sibiu, Brasov, Constanta (Ru); 2005 Berlin(D) <em>Cultural Heritage and Contemporary Art<\/em> Ausstellung und Symposium 2003 Antalya&#8220;&#8220;Ich sehe meinen Arbeitsauftrag im Bildungskontext darin Menschen in Experimente zu verwickeln, ihnen Erfahrungen zu erm\u00f6glichen und eine Reflexionsfl\u00e4che anzubieten; &#8211; Forschung als Lernstrategie zu etablieren.&#8220;&#8220;<\/p>\n<p><a href=\"http:\/\/sigrun-drapatz.de\" target=\"_blank\">www.sigrun-drapatz.de<\/a><\/p>\n<p>&nbsp;<\/p>\n<div id=\"attachment_722\" style=\"width: 250px\" class=\"wp-caption alignright\"><img loading=\"lazy\" decoding=\"async\" aria-describedby=\"caption-attachment-722\" class=\"size-full wp-image-722 \" title=\"208720_1012906063456_1849189387_19849_5064808_n\" src=\"https:\/\/xn--nicht-dazugehren-ywb.de\/blog\/wp-content\/uploads\/2011\/08\/208720_1012906063456_1849189387_19849_5064808_n.jpg\" alt=\"\" width=\"240\" height=\"170\" \/><p id=\"caption-attachment-722\" class=\"wp-caption-text\">Holger Friese<\/p><\/div>\n<p><strong>Holger Friese<\/strong>, Holger Friese arbeitet seit Mitte der 90iger Jahre als K\u00fcnstler und Gestalter, meist mit digitalen Werkzeugen, um zu verstehen wie computerinterne und humane Prozesse sowie Ver\u00e4nderungen funktionieren und in der Auseinandersetzung Werke zu schaffen, die versuchen mit minimalen Mitteln ein Destilat zu schaffen. Beispiele: Internetwerke (Unendlich, fast&#8230;, 1995 \/ www.antworten.de, 1997), Lichtinstallationen (z.B. Zeichen\/Sign, 2004), Video (19991 Homedelivery, 2005), Soundarbeiten (z.B. SG \/ SD, 2010) oder Kombinationen (16 bit library, 2005) (Les m\u00c3\u00a8ches en ligne, 2009) und in gemeinsamen Arbeiten z.B. Max Kossatz (www.antworten.de, 1997) oder Zeena Parkins (SG \/ SD, 2010).<br \/>\nAusstellungen: 1997 documenta X, Kassel &#8211; 1998 net.condition. ZKM, Karlsruhe &#8211; 1998 wysiwyg#2, Neuer Aachener Kunstverein, Aachen &#8211; 2002 shrink to fit, Museum f\u00fcr Kommunikation, Bern &#8211; 2007 Review, Axel Lapp Projects, Berlin &#8211; 2009 Utopics 11. Schweizer Skulpturausstellung, Biel\/Bienne &#8211; 2010 SG \/ SD ES contemporary, Meran<\/p>\n<p><a href=\"http:\/\/www.fuenfnullzwei.de\" target=\"_blank\">www.fuenfnullzwei.de<\/a><\/p>\n<p>&nbsp;<\/p>\n<p><strong>Kathrin Ganser<\/strong> *1977, Studium der Bildenden Kunst, Philosophie (bis 2001), Kunstvermittlung (Diplom) und Kunstwissenschaften\/Visual Cultural Studies von 1999 bis 2005 an der Kunsthochschule Halle und der Universit\u00e4t der K\u00fcnste Berlin.<\/p>\n<p>&nbsp;<\/p>\n<p>Seit 2005 in freiberuflichen Kooperationen und interdisziplin\u00e4ren Projekten als K\u00fcnstlerin, Fotografin, Kunstvermittlerin, Bild- und Textredakteurin sowie in der kulturellen Kinder- und Jugendbildung t\u00e4tig. Seit 2008\/2009 k\u00fcnstlerisch-wissenschaftliche Promotion (Ph.D. Fine Arts) an der Bauhaus-Universit\u00e4t in Weimar.<br \/>\n&nbsp;<br \/>\n<a href=\"http:\/\/www.artnews.org\/KathrinGanser\" target=\"_blank\">Kathrin Ganser<\/a><br \/>\n&nbsp;<br \/>\n&nbsp;<br \/>\n&nbsp;<br \/>\n&nbsp;<br \/>\n&nbsp;<\/p>\n<p><img loading=\"lazy\" decoding=\"async\" src=\"https:\/\/xn--nicht-dazugehren-ywb.de\/blog\/wp-content\/uploads\/2011\/08\/mona-jas-300x225.jpg\" alt=\"\" title=\"mona-jas\" width=\"240\" height=\"170\" class=\"alignright size-medium wp-image-62\" \/><\/p>\n<p><strong>Mona Jas<\/strong>, Studium der Bildenden Kunst am Fachbereich 1 der Universit\u00e4t der K\u00fcnste Berlin 1989-94. Abschluss als Meistersch\u00fclerin 1995. Neben zahlreichen Stipendien (Graduiertenf\u00f6rderung, Arbeitsstipendium des Berliner Senats, Reisestipendien: Istanbul und DAAD Reisestipendium Montr\u00c3\u00a9al\/New York) erhielt Jas 2008-10 das erste Stipendium f\u00fcr Kunstvermittlung der Neuen Gesellschaft f\u00fcr Bildenden Kunst Berlin und leitete das k\u00fcnstlerische Mittlungsprojekt <em>Mischen: possible<\/em>. 2010 Kokuration <em>R\u00fcckkopplungen<\/em> im Rahmen des Vermittlungsprogramms der 6. Berlin Biennale. Internationale Arbeit als freie K\u00fcnstlerin und Dozentin u. a. mit Projekten in Minsk, Belarus; Merano, Italien und Biel, Schweiz. In ihnen liest Jas globale Praktiken und gesellschaftliche Mechanismen gegen und lotet dabei M\u00f6glichkeiten individueller Positionierung aus. In ihren Ausstellungen, Vortr\u00e4gen, Publikationen und Workshops erforscht sie dabei als <em>Go-Between<\/em> M\u00f6glichkeiten fach- und raum\u00fcbergreifender k\u00fcnstlerischer und gesellschaftlicher Lernprozesse.<\/p>\n<p><a href=\"http:\/\/www.inter-views.org\" target=\"_blank\">www.inter-views.org<\/a><\/p>\n<p>&nbsp;<\/p>\n<div id=\"attachment_857\" style=\"width: 250px\" class=\"wp-caption alignright\"><img loading=\"lazy\" decoding=\"async\" aria-describedby=\"caption-attachment-857\" class=\"size-full wp-image-857\" title=\"170594_10150099917649758_687109757_5965152_440328_o\" src=\"https:\/\/xn--nicht-dazugehren-ywb.de\/blog\/wp-content\/uploads\/2011\/08\/170594_10150099917649758_687109757_5965152_440328_o-e1329150366820.jpg\" alt=\"\" width=\"240\" height=\"162\" \/><p id=\"caption-attachment-857\" class=\"wp-caption-text\">Levan Manjavidze<\/p><\/div>\n<p><strong>Levan Manjavidze<\/strong> geboren am 25.10.1977 in Tbilissi, Georgien. 1994-1999 studierte Regie am\u00a0staatlichen\u00a0Institut\u00a0f\u00fcr\u00a0Theater und\u00a0Film in Tbilissi. Im Jahren 2000-2001 folgten intensive Mal- und Zeichenkurse an der Kunstakademie in Florenz. Von 2003 bis 2006 studierte Bildende Kunst an der &#8222;Utrecht School of Arts&#8220;. Seit 2006 lebt und arbeitet in Berlin.<\/p>\n<p><a href=\"http:\/\/levanmanjavidze.com\/\" target=\"_blank\">http:\/\/levanmanjavidze.com\/<\/a><br \/>\n&nbsp;<br \/>\n&nbsp;<br \/>\n&nbsp;<br \/>\n&nbsp;<br \/>\n&nbsp;<br \/>\n&nbsp;<br \/>\n<div id=\"attachment_831\" style=\"width: 209px\" class=\"wp-caption alignright\"><img loading=\"lazy\" decoding=\"async\" aria-describedby=\"caption-attachment-831\" class=\"size-full wp-image-831\" title=\"E.M.Portraitbild\" src=\"https:\/\/xn--nicht-dazugehren-ywb.de\/blog\/wp-content\/uploads\/2011\/08\/E.M.Portraitbild.jpg\" alt=\"\" width=\"199\" height=\"264\" \/><p id=\"caption-attachment-831\" class=\"wp-caption-text\">Eleni Mouzourou<\/p><\/div><\/p>\n<p><strong>Eleni Mouzourou<\/strong>, 1983 auf Zypern geboren. Studium der Bildende K\u00fcnste an der \u00c3\u2030cole Nationale Sup\u00c3\u00a9rieure des beaux-arts de Lyon (2002-2005) und der Hochschule f\u00fcr Bildende K\u00fcnste in Hamburg (2006-2009).<\/p>\n<p>Letzte Ausstellungen: 12th International Cairo Biennale 2010, Enovos F\u00f6rderpreis f\u00fcr junge Kunst 2010, Wilhelm-Hack-Museum, Ludwigshafen am Rhein, Trans Scapes, Argo Gallery, Lefkosia, Zypern 2011. Seit 2009 regelm\u00e4\u00dfige Projektleitung mit Kindern, Jugendlichen und Erwachsenen. J\u00fcngste Kooperationen: Museum f\u00fcr V\u00f6lkerkunde Hamburg (2009), Stiftung Deutsches Technik Museum, Berlin (2011), Museum f\u00fcr zyprische Geschichte und Arch\u00e4ologie, Bank of Cyprus Cultural Foundation (2011). Seit Oktober 2010 k\u00fcnstlerische Assistenz und Projektentwicklung in der Kunstwerkstatt Mosaik, Berlin. In ihrer Projektarbeit mit Gruppen versucht sie offene Denk-und-Handeln Prozesse anzuregen, mit diesem Anliegen einen subjektiven Blickwinkel zu kultivieren und Raum f\u00fcr Verkn\u00fcpfungen mit der allt\u00e4glichen Erfahrungswelt der Teilnehmenden zu entwickeln.<\/p>\n<p><a href=\"http:\/\/ www.elenimouzourou.net\" target=\"_blank\">www.elenimouzourou.net<\/a><\/p>\n<p>&nbsp;<\/p>\n<div id=\"attachment_520\" style=\"width: 250px\" class=\"wp-caption alignright\"><img loading=\"lazy\" decoding=\"async\" aria-describedby=\"caption-attachment-520\" class=\"size-medium wp-image-520\" title=\"nino_iss_2\" src=\"https:\/\/xn--nicht-dazugehren-ywb.de\/blog\/wp-content\/uploads\/2011\/12\/nino_iss_2-300x199.gif\" alt=\"\" width=\"240\" height=\"180\" \/><p id=\"caption-attachment-520\" class=\"wp-caption-text\">Nihad Nino Pusija<\/p><\/div>\n<p><strong>Nihad Nino Pusija<\/strong>, 1965 in Sarajevo geboren, studiert politische Wissenschaften und Journalismus an der Universit\u00e4t Sarajevo. Nach seinem Studium arbeitet er als Fotojournalist und K\u00fcnstler und ist seit 1988 als freier Fotograf in verschiedenen Kunstfotoprojekten und Fotostudien in Italien, Belgien, England und den USA t\u00e4tig. Seit 1992 realisiert Pusija Projektarbeiten in Berlin, u.a. f\u00fcr das Kulturamt Friedrichshain-Kreuzberg, die Neue Gesellschaft f\u00fcr Bildende Kunst, das Museum Europ\u00e4ischer Kulturen und die Allianz Kulturstiftung. Seine Arbeiten spiegeln die pers\u00f6nlichen Geschichten der Menschen wider, die er trifft. Er taucht ein in den Mikrokosmos des Urbanen und zeigt zeitlose Dokumente einer Gesellschaft, die durch eine bewegte Geschichte an der Schnittstelle von Ost, West und dem S\u00fcden gepr\u00e4gt ist. Mit seinem Blick auf die Gesellschaft verweist er auf unterschiedliche ethnische und kulturelle Einfl\u00fcsse und schaut hinter die Fassaden der St\u00e4dte. In seinen Bildern h\u00e4lt er allt\u00e4gliche und fl\u00fcchtige Situationen fest und zeigt damit die Zerbrechlichkeit und Verg\u00e4nglichkeit des Lebens. Pusija lebt und arbeitet in Berlin.<\/p>\n<p><a href=\"http:\/\/www.fotofabrika.de\" target=\"_blank\">www.fotofabrika.de<\/a><\/p>\n<p>&nbsp;<\/p>\n<p><strong>S\u00f6ren Schrader<\/strong><\/p>\n<p>&nbsp;<\/p>\n<p><strong>Tamer Serbay<\/strong><\/p>\n<p>&nbsp;<\/p>\n<p><strong>Bekele Tefera<\/strong><\/p>\n","protected":false},"excerpt":{"rendered":"<p>Sigrun Drapatz 1992 &#8211; 98 Studium der Bildenden K\u00fcnste UdK Berlin; 1989 &#8211; 92 Studium Fachhochschule f\u00fcr Gestaltung, Hamburg, l\u00e4ngere Arbeitsaufenthalte in Israel und der T\u00fcrkei. Seit 2004 prozessorientierte Projekte mit Kindern, Jugendlichen und Erwachsenen darunter zahlreiche Projekte im Kontext Schule. 2008 \u00e2\u20ac\u201c2011 k\u00fcnstlerische Leitung von KidSch (K\u00fcnstlerInnen in die Schulen bei Zukunftsbau e.V.) Modellprojekt [&hellip;]<\/p>\n","protected":false},"author":1,"featured_media":0,"parent":0,"menu_order":0,"comment_status":"open","ping_status":"open","template":"","meta":{"footnotes":""},"class_list":["post-52","page","type-page","status-publish","hentry"],"_links":{"self":[{"href":"https:\/\/www.xn--nicht-dazugehren-ywb.de\/blog\/wp-json\/wp\/v2\/pages\/52","targetHints":{"allow":["GET"]}}],"collection":[{"href":"https:\/\/www.xn--nicht-dazugehren-ywb.de\/blog\/wp-json\/wp\/v2\/pages"}],"about":[{"href":"https:\/\/www.xn--nicht-dazugehren-ywb.de\/blog\/wp-json\/wp\/v2\/types\/page"}],"author":[{"embeddable":true,"href":"https:\/\/www.xn--nicht-dazugehren-ywb.de\/blog\/wp-json\/wp\/v2\/users\/1"}],"replies":[{"embeddable":true,"href":"https:\/\/www.xn--nicht-dazugehren-ywb.de\/blog\/wp-json\/wp\/v2\/comments?post=52"}],"version-history":[{"count":39,"href":"https:\/\/www.xn--nicht-dazugehren-ywb.de\/blog\/wp-json\/wp\/v2\/pages\/52\/revisions"}],"predecessor-version":[{"id":1259,"href":"https:\/\/www.xn--nicht-dazugehren-ywb.de\/blog\/wp-json\/wp\/v2\/pages\/52\/revisions\/1259"}],"wp:attachment":[{"href":"https:\/\/www.xn--nicht-dazugehren-ywb.de\/blog\/wp-json\/wp\/v2\/media?parent=52"}],"curies":[{"name":"wp","href":"https:\/\/api.w.org\/{rel}","templated":true}]}}